{"id":329,"date":"2021-11-25T15:40:06","date_gmt":"2021-11-25T18:40:06","guid":{"rendered":"https:\/\/enza.com.br\/site\/?page_id=329"},"modified":"2021-11-25T15:42:37","modified_gmt":"2021-11-25T18:42:37","slug":"empreendimentos","status":"publish","type":"page","link":"https:\/\/enza.com.br\/site\/empreendimentos\/","title":{"rendered":"Empreendimentos"},"content":{"rendered":"\n<div class=\"\">\n \n\n\n<div class=\"col-md-3\"><a href=\"https:\/\/enza.com.br\/enza\/empreendimentos\/palmeira-real-village\/\"><img decoding=\"async\" src=\"https:\/\/enza.com.br\/enza\/wp-content\/uploads\/2019\/11\/palmeirareal-1-1.png\" class=\"img-responsive\"><\/a><\/div>\n<div class=\"col-md-9\"><h6>Palmeira Real Village<\/h6>\n<div class=\"descr\">Situado em Pindamonhangaba no estado de S\u00e3o Paulo, cidade importante do Vale do Para\u00edba que preserva suas caracter\u00edsticas interioranas at\u00e9 os dias atuais, o mais novo empreendimento da Construtora Enza possui tudo aquilo que uma fam\u00edlia moderna gostaria de ter: Muito lazer, contato com a natureza e aquela sensa\u00e7\u00e3o de seguran\u00e7a que faz diferen\u00e7a quando pensamos no futuro dos nossos filhos. Prepare-se para se surpreender com esse mais novo lan\u00e7amento.<br>\n<br>\n<a href=\"https:\/\/enza.com.br\/enza\/empreendimentos\/palmeira-real-village\/\"><b>Acesse o hotsite<\/b><\/a><\/div>\n<\/div>\n<div class=\"col-md-12\"><br><\/div>\n\n\n \n\n\n<div class=\"col-md-3\"><a href=\"https:\/\/enza.com.br\/enza\/empreendimentos\/jabuticabeiras-village\/\"><img decoding=\"async\" src=\"https:\/\/enza.com.br\/enza\/wp-content\/uploads\/2018\/04\/jabuti-1.png\" class=\"img-responsive\"><\/a><\/div>\n<div class=\"col-md-9\"><h6>Jabuticabeiras Village<\/h6>\n<div class=\"descr\">O bel\u00edssimo Jabuticabeiras Village vai al\u00e9m das expectativas de um simples empreendimento, trata-se de um projeto arrojado de apartamentos com sacada, elevador de \u00faltima gera\u00e7\u00e3o, infraestrutura completa de lazer, quadra poliesportiva, piscina adulto e infantil, quiosques com churrasqueiras e sal\u00f5es de festas gourmet. O projeto esta inserido numa das regi\u00f5es mais belas e arborizadas da cidade, pr\u00f3ximo a sa\u00edda da Dutra e com maior crescimento industrial da regi\u00e3o.<br>\n<br>\n<a href=\"https:\/\/enza.com.br\/enza\/empreendimentos\/jabuticabeiras-village\/\"><b>Acesse o hotsite<\/b><\/a><\/div>\n<\/div>\n<div class=\"col-md-12\"><br><\/div>\n\n\n \n\n\n<div class=\"col-md-3\"><a href=\"https:\/\/enza.com.br\/enza\/empreendimentos\/roma-village\/\"><img decoding=\"async\" src=\"https:\/\/enza.com.br\/enza\/wp-content\/uploads\/2018\/04\/roma-3.png\" class=\"img-responsive\"><\/a><\/div>\n<div class=\"col-md-9\"><h6>Rom\u00e3 Village<\/h6>\n<div class=\"descr\">Localizado pr\u00f3ximo ao bairro Cidade Nova em Pindamonhangaba\/SP, o empreendimento Rom\u00e3 Village \u00e9 um excelente local para se viver. Al\u00e9m da moderna arquitetura, apresenta duas op\u00e7\u00f5es de plantas dos apartamentos, infraestrutura completa com elevador, vaga de garagem, espa\u00e7o gourmet, sistema de reuso de \u00e1guas das chuvas e playground para voc\u00ea e sua fam\u00edlia passarem momentos inesquec\u00edveis.<br>\n<br>\n<a href=\"https:\/\/enza.com.br\/enza\/empreendimentos\/roma-village\/\"><b>Acesse o hotsite<\/b><\/a><\/div>\n<\/div>\n<div class=\"col-md-12\"><br><\/div>\n\n\n \n\n\n<div class=\"col-md-3\"><a href=\"https:\/\/enza.com.br\/enza\/empreendimentos\/portal-mantiqueira-village\/\"><img decoding=\"async\" src=\"https:\/\/enza.com.br\/enza\/wp-content\/uploads\/2018\/04\/mant.png\" class=\"img-responsive\"><\/a><\/div>\n<div class=\"col-md-9\"><h6>Portal Mantiqueira Village<\/h6>\n<div class=\"descr\">O Portal Mantiqueira Village \u00e9 mais do que um empreendimento,\n\u00e9 um marco na hist\u00f3ria da cidade que tira o m\u00e1ximo proveito das belezas naturais de nossa regi\u00e3o para voc\u00ea se encantar todos os \ndias com a vista da Serra da Mantiqueira.<br>\n<br>\n<a href=\"https:\/\/enza.com.br\/enza\/empreendimentos\/portal-mantiqueira-village\/\"><b>Acesse o hotsite<\/b><\/a><\/div>\n<\/div>\n<div class=\"col-md-12\"><br><\/div>\n\n\n<\/div>\n","protected":false},"excerpt":{"rendered":"<p>Palmeira Real Village<br \/>\nSituado em Pindamonhangaba no estado de S\u00e3o Paulo, cidade importante do Vale do Para\u00edba que preserva suas &#8230;<\/p>\n","protected":false},"author":1,"featured_media":0,"parent":0,"menu_order":0,"comment_status":"closed","ping_status":"closed","template":"","meta":{"_joinchat":[],"footnotes":""},"class_list":["post-329","page","type-page","status-publish","hentry"],"acf":[],"yoast_head":"<!-- This site is optimized with the Yoast SEO plugin v19.13 - https:\/\/yoast.com\/wordpress\/plugins\/seo\/ -->\n<title>Empreendimentos - Enza - Planejamento e Constru\u00e7\u00f5es Ltda<\/title>\n<meta name=\"robots\" content=\"index, follow, max-snippet:-1, max-image-preview:large, max-video-preview:-1\" \/>\n<link rel=\"canonical\" href=\"https:\/\/enza.com.br\/site\/empreendimentos\/\" \/>\n<meta property=\"og:locale\" content=\"pt_BR\" \/>\n<meta property=\"og:type\" content=\"article\" \/>\n<meta property=\"og:title\" content=\"Empreendimentos - Enza - Planejamento e Constru\u00e7\u00f5es Ltda\" \/>\n<meta property=\"og:description\" content=\"Palmeira Real Village Situado em Pindamonhangaba no estado de S\u00e3o Paulo, cidade importante do Vale do Para\u00edba que preserva suas ...\" \/>\n<meta property=\"og:url\" content=\"https:\/\/enza.com.br\/site\/empreendimentos\/\" \/>\n<meta property=\"og:site_name\" content=\"Enza - Planejamento e Constru\u00e7\u00f5es Ltda\" \/>\n<meta property=\"article:modified_time\" content=\"2021-11-25T18:42:37+00:00\" \/>\n<meta property=\"og:image\" content=\"https:\/\/enza.com.br\/enza\/wp-content\/uploads\/2019\/11\/palmeirareal-1-1.png\" \/>\n<meta name=\"twitter:card\" content=\"summary_large_image\" \/>\n<meta name=\"twitter:label1\" content=\"Est. tempo de leitura\" \/>\n\t<meta name=\"twitter:data1\" content=\"2 minutos\" \/>\n<script type=\"application\/ld+json\" class=\"yoast-schema-graph\">{\"@context\":\"https:\/\/schema.org\",\"@graph\":[{\"@type\":\"WebPage\",\"@id\":\"https:\/\/enza.com.br\/site\/empreendimentos\/\",\"url\":\"https:\/\/enza.com.br\/site\/empreendimentos\/\",\"name\":\"Empreendimentos - Enza - Planejamento e Constru\u00e7\u00f5es Ltda\",\"isPartOf\":{\"@id\":\"https:\/\/enza.com.br\/site\/#website\"},\"datePublished\":\"2021-11-25T18:40:06+00:00\",\"dateModified\":\"2021-11-25T18:42:37+00:00\",\"inLanguage\":\"pt-BR\",\"potentialAction\":[{\"@type\":\"ReadAction\",\"target\":[\"https:\/\/enza.com.br\/site\/empreendimentos\/\"]}]},{\"@type\":\"WebSite\",\"@id\":\"https:\/\/enza.com.br\/site\/#website\",\"url\":\"https:\/\/enza.com.br\/site\/\",\"name\":\"Enza - Planejamento e Constru\u00e7\u00f5es Ltda\",\"description\":\"Lan\u00e7amentos Imobili\u00e1rios\",\"potentialAction\":[{\"@type\":\"SearchAction\",\"target\":{\"@type\":\"EntryPoint\",\"urlTemplate\":\"https:\/\/enza.com.br\/site\/?s={search_term_string}\"},\"query-input\":\"required name=search_term_string\"}],\"inLanguage\":\"pt-BR\"}]}<\/script>\n<!-- \/ Yoast SEO plugin. -->","yoast_head_json":{"title":"Empreendimentos - Enza - Planejamento e Constru\u00e7\u00f5es Ltda","robots":{"index":"index","follow":"follow","max-snippet":"max-snippet:-1","max-image-preview":"max-image-preview:large","max-video-preview":"max-video-preview:-1"},"canonical":"https:\/\/enza.com.br\/site\/empreendimentos\/","og_locale":"pt_BR","og_type":"article","og_title":"Empreendimentos - Enza - Planejamento e Constru\u00e7\u00f5es Ltda","og_description":"Palmeira Real Village Situado em Pindamonhangaba no estado de S\u00e3o Paulo, cidade importante do Vale do Para\u00edba que preserva suas ...","og_url":"https:\/\/enza.com.br\/site\/empreendimentos\/","og_site_name":"Enza - Planejamento e Constru\u00e7\u00f5es Ltda","article_modified_time":"2021-11-25T18:42:37+00:00","og_image":[{"url":"https:\/\/enza.com.br\/enza\/wp-content\/uploads\/2019\/11\/palmeirareal-1-1.png"}],"twitter_card":"summary_large_image","twitter_misc":{"Est. tempo de leitura":"2 minutos"},"schema":{"@context":"https:\/\/schema.org","@graph":[{"@type":"WebPage","@id":"https:\/\/enza.com.br\/site\/empreendimentos\/","url":"https:\/\/enza.com.br\/site\/empreendimentos\/","name":"Empreendimentos - Enza - Planejamento e Constru\u00e7\u00f5es Ltda","isPartOf":{"@id":"https:\/\/enza.com.br\/site\/#website"},"datePublished":"2021-11-25T18:40:06+00:00","dateModified":"2021-11-25T18:42:37+00:00","inLanguage":"pt-BR","potentialAction":[{"@type":"ReadAction","target":["https:\/\/enza.com.br\/site\/empreendimentos\/"]}]},{"@type":"WebSite","@id":"https:\/\/enza.com.br\/site\/#website","url":"https:\/\/enza.com.br\/site\/","name":"Enza - Planejamento e Constru\u00e7\u00f5es Ltda","description":"Lan\u00e7amentos Imobili\u00e1rios","potentialAction":[{"@type":"SearchAction","target":{"@type":"EntryPoint","urlTemplate":"https:\/\/enza.com.br\/site\/?s={search_term_string}"},"query-input":"required name=search_term_string"}],"inLanguage":"pt-BR"}]}},"_links":{"self":[{"href":"https:\/\/enza.com.br\/site\/wp-json\/wp\/v2\/pages\/329","targetHints":{"allow":["GET"]}}],"collection":[{"href":"https:\/\/enza.com.br\/site\/wp-json\/wp\/v2\/pages"}],"about":[{"href":"https:\/\/enza.com.br\/site\/wp-json\/wp\/v2\/types\/page"}],"author":[{"embeddable":true,"href":"https:\/\/enza.com.br\/site\/wp-json\/wp\/v2\/users\/1"}],"replies":[{"embeddable":true,"href":"https:\/\/enza.com.br\/site\/wp-json\/wp\/v2\/comments?post=329"}],"version-history":[{"count":0,"href":"https:\/\/enza.com.br\/site\/wp-json\/wp\/v2\/pages\/329\/revisions"}],"wp:attachment":[{"href":"https:\/\/enza.com.br\/site\/wp-json\/wp\/v2\/media?parent=329"}],"curies":[{"name":"wp","href":"https:\/\/api.w.org\/{rel}","templated":true}]}}